{"id":132,"date":"2017-09-01T22:03:27","date_gmt":"2017-09-01T20:03:27","guid":{"rendered":"http:\/\/teteenlair.club\/?page_id=132"},"modified":"2025-09-08T16:01:39","modified_gmt":"2025-09-08T14:01:39","slug":"tarifs","status":"publish","type":"page","link":"http:\/\/teteenlair.club\/?page_id=132","title":{"rendered":"Tarifs \/ Inscriptions"},"content":{"rendered":"<hr data-start=\"124\" data-end=\"127\" \/>\n<h3 data-start=\"129\" data-end=\"152\">\ud83d\udcb8 Tarifs 2025\u20132026<\/h3>\n<p data-start=\"154\" data-end=\"221\">La cotisation annuelle au club est de <strong data-start=\"184\" data-end=\"193\">170\u202f\u20ac<\/strong>, assurance de base incluse.<\/p>\n<p data-start=\"223\" data-end=\"341\">\ud83d\udc68\u200d\ud83d\udc69\u200d\ud83d\udc67\u200d\ud83d\udc66 Pour les <strong data-start=\"235\" data-end=\"252\">familles<\/strong> : \u00e0 partir de <strong data-start=\"267\" data-end=\"299\">3 membres d\u2019une m\u00eame famille<\/strong>, le tarif passe \u00e0 <strong data-start=\"318\" data-end=\"340\">155\u202f\u20ac par personne<\/strong>.<\/p>\n<p data-start=\"343\" data-end=\"370\">La cotisation comprend :<\/p>\n<ul data-start=\"371\" data-end=\"726\">\n<li data-start=\"371\" data-end=\"401\">\n<p data-start=\"373\" data-end=\"401\">la licence f\u00e9d\u00e9rale (FFME)<\/p>\n<\/li>\n<li data-start=\"402\" data-end=\"445\">\n<p data-start=\"404\" data-end=\"445\">la part du comit\u00e9 territorial de l\u2019Eure<\/p>\n<\/li>\n<li data-start=\"446\" data-end=\"479\">\n<p data-start=\"448\" data-end=\"479\">la part de la Ligue Normandie<\/p>\n<\/li>\n<li data-start=\"480\" data-end=\"551\">\n<p data-start=\"482\" data-end=\"551\">la part du club (entretien du mat\u00e9riel, formation des encadrant\u00b7es, etc.)<\/p>\n<\/li>\n<li data-start=\"552\" data-end=\"668\">\n<p data-start=\"554\" data-end=\"668\">le pr\u00eat de mat\u00e9riel : baudrier, syst\u00e8me d\u2019assurage, chaussons, et tout le n\u00e9cessaire pour grimper en falaise<\/p>\n<\/li>\n<li data-start=\"669\" data-end=\"726\">\n<p data-start=\"671\" data-end=\"726\">l\u2019assurance de base et la responsabilit\u00e9 civile<\/p>\n<\/li>\n<\/ul>\n<p data-start=\"956\" data-end=\"1099\"><span style=\"color: #ff0000;\">\ud83d\udd17 Inscription en ligne : <\/span><strong><a href=\"https:\/\/www.helloasso.com\/associations\/tete-en-l-air-escalade\"><span style=\"color: #ff0000;\">T\u00eate en l&rsquo;air Escalade | HelloAsso<\/span><\/a><\/strong><\/p>\n<p data-start=\"728\" data-end=\"954\">\u2139\ufe0f <strong>Renseignements<\/strong> par mail teteenlair.escalade@gmail.com ou par t\u00e9l\u00e9phone 06 67 95 25 41<\/p>\n<p><span data-start=\"956\" data-end=\"1099\">Les cours se font au gymnase du lyc\u00e9e Jean Moulin, rue du 3e Bataillon de Normandie, 27700 Les Andelys, <\/span><\/p>\n<p><span data-start=\"956\" data-end=\"1099\">Le mardi 18h30-20H : 8-9 ans <\/span><\/p>\n<p><span data-start=\"956\" data-end=\"1099\">le mercredi 18h00-20h pour les 16 ans et plus, jusqu&rsquo;\u00e0 21h pour les adultes autonomes<br \/>\n<\/span><\/p>\n<p><span data-start=\"956\" data-end=\"1099\">Le vendredi 18h-19h30 : 10-12 ans.<\/span><\/p>\n<p>Le vendredi 19h30-21h: 13-15 ans<\/p>\n<p>Le samedi 10h-12h30 pour les adultes autonomes<\/p>\n<h3 data-start=\"1106\" data-end=\"1137\">\ud83d\udcac Aide financi\u00e8re possible<\/h3>\n<p data-start=\"1139\" data-end=\"1195\">Le club est partenaire de plusieurs dispositifs d\u2019aide :<\/p>\n<p data-start=\"1197\" data-end=\"1356\">\ud83c\udf93 <strong data-start=\"1200\" data-end=\"1219\">Atout Normandie<\/strong> : pour les jeunes de 15 \u00e0 25 ans, <strong data-start=\"1254\" data-end=\"1275\">30\u202f\u20ac de r\u00e9duction<\/strong> sur votre licence<br data-start=\"1293\" data-end=\"1296\" \/>\ud83c\udfaf <strong data-start=\"1299\" data-end=\"1313\">Pass\u2019Sport<\/strong> : une aide de 7<strong data-start=\"1328\" data-end=\"1336\">0\u202f\u20ac<\/strong> accord\u00e9e par la CAF<\/p>\n","protected":false},"excerpt":{"rendered":"<p>\ud83d\udcb8 Tarifs 2025\u20132026 La cotisation annuelle au club est de 170\u202f\u20ac, assurance de base incluse. \ud83d\udc68\u200d\ud83d\udc69\u200d\ud83d\udc67\u200d\ud83d\udc66 Pour les familles : \u00e0 partir de 3 membres d\u2019une m\u00eame famille, le tarif passe \u00e0 155\u202f\u20ac par personne. La cotisation comprend : la licence f\u00e9d\u00e9rale (FFME) la part du comit\u00e9 territorial de l\u2019Eure la part de la Ligue &hellip; <\/p>\n<p class=\"link-more\"><a href=\"http:\/\/teteenlair.club\/?page_id=132\" class=\"more-link\">Continuer la lecture<span class=\"screen-reader-text\"> de &laquo;&nbsp;Tarifs \/ Inscriptions&nbsp;&raquo;<\/span><\/a><\/p>\n","protected":false},"author":1,"featured_media":0,"parent":0,"menu_order":0,"comment_status":"closed","ping_status":"closed","template":"","meta":{"footnotes":""},"_links":{"self":[{"href":"http:\/\/teteenlair.club\/index.php?rest_route=\/wp\/v2\/pages\/132"}],"collection":[{"href":"http:\/\/teteenlair.club\/index.php?rest_route=\/wp\/v2\/pages"}],"about":[{"href":"http:\/\/teteenlair.club\/index.php?rest_route=\/wp\/v2\/types\/page"}],"author":[{"embeddable":true,"href":"http:\/\/teteenlair.club\/index.php?rest_route=\/wp\/v2\/users\/1"}],"replies":[{"embeddable":true,"href":"http:\/\/teteenlair.club\/index.php?rest_route=%2Fwp%2Fv2%2Fcomments&post=132"}],"version-history":[{"count":51,"href":"http:\/\/teteenlair.club\/index.php?rest_route=\/wp\/v2\/pages\/132\/revisions"}],"predecessor-version":[{"id":1132,"href":"http:\/\/teteenlair.club\/index.php?rest_route=\/wp\/v2\/pages\/132\/revisions\/1132"}],"wp:attachment":[{"href":"http:\/\/teteenlair.club\/index.php?rest_route=%2Fwp%2Fv2%2Fmedia&parent=132"}],"curies":[{"name":"wp","href":"https:\/\/api.w.org\/{rel}","templated":true}]}}